{"id":3,"date":"2018-11-13T18:04:40","date_gmt":"2018-11-13T17:04:40","guid":{"rendered":"http:\/\/snfolc.re\/site\/?page_id=3"},"modified":"2018-11-27T18:10:41","modified_gmt":"2018-11-27T14:10:41","slug":"politique-de-confidentialite","status":"publish","type":"page","link":"https:\/\/snfolc.re\/site\/index.php\/politique-de-confidentialite\/","title":{"rendered":"Politique de confidentialit\u00e9"},"content":{"rendered":"\n<h2 class=\"wp-block-heading\">Qui sommes-nous&nbsp;?<\/h2>\n\n\n\n<p>SNFOLC La R\u00e9union<\/p>\n\n\n\n<p>Section d\u00e9partementale de La R\u00e9union du Syndicat National Force Ouvri\u00e8re des Lyc\u00e9es et Coll\u00e8ges<\/p>\n\n\n\n<p>Notre adresse postale est :&nbsp;<\/p>\n\n\n\n<p>81 rue Labourdonnais &#8211; BP 20232 &#8211; 97464 Saint Denis Cedex<br><\/p>\n\n\n\n<p>L\u2019adresse de notre site Web est&nbsp;: https:\/\/snfolc.re\/<\/p>\n\n\n\n<p>Le site est h\u00e9berg\u00e9 par\u00a0 la soci\u00e9t\u00e9 ALWAYSDATA, SARL au capital de 5.000 \u20ac immatricul\u00e9e au RCS de Paris sous le num\u00e9ro 492 893 490 dont le si\u00e8ge social se trouve 62 rue Tiquetonne \u2013 75002 Paris.<\/p>\n\n\n\n<p>Le responsable \u00e9ditorial du site est : J\u00e9r\u00f4me ETHEVE, secr\u00e9taire d\u00e9partemental du SNFOLC La R\u00e9union.<\/p>\n\n\n\n<p><\/p>\n\n\n\n<h2 class=\"wp-block-heading\">Vos donn\u00e9es personnelles collect\u00e9es<\/h2>\n\n\n\n<p>De mani\u00e8re g\u00e9n\u00e9rale, vous n\u2019\u00eates pas tenu de nous communiquer vos donn\u00e9es personnelles lorsque vous visitez notre site Internet.<\/p>\n\n\n\n<p>Cependant, ce principe comporte certaines exceptions. Dans tous les cas, vous pouvez refuser de fournir vos donn\u00e9es personnelles. Dans ce cas, vous ne pourrez pas utiliser les services du site, notamment la lecture des flux venant des r\u00e9seaux sociaux (Twitter).<\/p>\n\n\n\n<p>Enfin, nous pouvons collecter de mani\u00e8re automatique certaines informations vous concernant lors d\u2019une simple navigation sur notre site Internet, notamment : des informations concernant l\u2019utilisation de notre site, comme les zones que vous visitez et les articles auxquels vous acc\u00e9dez, votre adresse IP, le type de votre navigateur, vos temps d\u2019acc\u00e8s. De telles informations sont utilis\u00e9es exclusivement \u00e0 des fins de statistiques en utilisant le service Google Analytics, de mani\u00e8re \u00e0 am\u00e9liorer la qualit\u00e9 des services qui vous sont propos\u00e9s. Les statistiques sont r\u00e9alis\u00e9es de mani\u00e8re \u00e0 rendre vos donn\u00e9es anonymes.<\/p>\n\n\n\n<p>En dehors des exceptions list\u00e9es ci-dessus, nous ne stockons pas et ne partageons pas vos donn\u00e9es personnelles.<\/p>\n\n\n\n<h3 class=\"wp-block-heading\">Cookies<\/h3>\n\n\n\n<h4 class=\"wp-block-heading\">Utilisateurs ayant un compte&nbsp;<\/h4>\n\n\n\n<p>Si vous avez un compte et que vous vous connectez sur ce site, un cookie temporaire sera cr\u00e9\u00e9 afin de d\u00e9terminer si votre navigateur accepte les cookies. Il ne contient pas de donn\u00e9es personnelles et sera supprim\u00e9 automatiquement \u00e0 la fermeture de votre navigateur.<\/p>\n\n\n\n<p>Lorsque vous vous connecterez, nous mettrons en place un certain nombre de cookies pour enregistrer vos informations de connexion et vos pr\u00e9f\u00e9rences d\u2019\u00e9cran. La dur\u00e9e de vie d\u2019un cookie de connexion est de deux jours, celle d\u2019un cookie d\u2019option d\u2019\u00e9cran est d\u2019un an. Si vous cochez \u00ab&nbsp;Se souvenir de moi&nbsp;\u00bb, votre cookie de connexion sera conserv\u00e9 pendant deux semaines. Si vous vous d\u00e9connectez de votre compte, le cookie de connexion sera effac\u00e9.<\/p>\n\n\n\n<p>En modifiant ou en publiant une publication, un cookie suppl\u00e9mentaire sera enregistr\u00e9 dans votre navigateur. Ce cookie ne comprend aucune donn\u00e9e personnelle. Il indique simplement l\u2019ID de la publication que vous venez de modifier. Il expire au bout d\u2019un jour.<\/p>\n\n\n\n<h4 class=\"wp-block-heading\">Visiteurs du site<\/h4>\n\n\n\n<p>Nous pouvons \u00eatre amen\u00e9 \u00e0 vous demander l\u2019acceptation des cookies pour des besoins de statistiques et d\u2019affichage. Un cookies est une information d\u00e9pos\u00e9e sur votre disque dur par le serveur du site que vous visitez. Il contient plusieurs donn\u00e9es qui sont stock\u00e9es sur votre ordinateur dans un simple fichier texte auquel un serveur acc\u00e8de pour lire et enregistrer des informations . Certaines parties de ce site ne peuvent \u00eatre fonctionnelles sans l\u2019acceptation de cookies..<\/p>\n\n\n\n<h3 class=\"wp-block-heading\">Contenu embarqu\u00e9 depuis d\u2019autres sites<\/h3>\n\n\n\n<p>Les articles de ce site peuvent inclure des contenus int\u00e9gr\u00e9s (par exemple des vid\u00e9os, images, articles\u2026). Le contenu int\u00e9gr\u00e9 depuis d\u2019autres sites se comporte de la m\u00eame mani\u00e8re que si le visiteur se rendait sur cet autre site.<\/p>\n\n\n\n<p>Ces sites web pourraient collecter des donn\u00e9es sur vous, utiliser des cookies, embarquer des outils de suivis tiers, suivre vos interactions avec ces contenus embarqu\u00e9s si vous disposez d\u2019un compte connect\u00e9 sur leur site web. C&rsquo;est le cas notamment de certains r\u00e9seaux sociaux (Twitter) et des moteurs de recherche (Google).<\/p>\n\n\n\n<h2 class=\"wp-block-heading\">Les droits que vous avez sur vos donn\u00e9es<\/h2>\n\n\n\n<p>Si vous avez un compte ou si vous avez laiss\u00e9 des commentaires sur le site, vous pouvez demander \u00e0 recevoir un fichier contenant toutes les donn\u00e9es personnelles que nous poss\u00e9dons \u00e0 votre sujet, incluant celles que vous nous avez fournies. Vous pouvez \u00e9galement demander la suppression des donn\u00e9es personnelles vous concernant. Cela ne prend pas en compte les donn\u00e9es stock\u00e9es \u00e0 des fins administratives, l\u00e9gales ou pour des raisons de s\u00e9curit\u00e9.<\/p>\n\n\n\n<h2 class=\"wp-block-heading\">Informations de contact<\/h2>\n\n\n\n<p>Pour toute information relative \u00e0 vos donn\u00e9es vous pouvez nous contacter par email : info@snfolc.re<\/p>\n","protected":false},"excerpt":{"rendered":"<p>Qui sommes-nous&nbsp;? SNFOLC La R\u00e9union Section d\u00e9partementale de La R\u00e9union du Syndicat National Force Ouvri\u00e8re des Lyc\u00e9es et Coll\u00e8ges Notre<\/p>\n","protected":false},"author":1,"featured_media":0,"parent":0,"menu_order":0,"comment_status":"closed","ping_status":"open","template":"","meta":{"footnotes":""},"_links":{"self":[{"href":"https:\/\/snfolc.re\/site\/index.php\/wp-json\/wp\/v2\/pages\/3"}],"collection":[{"href":"https:\/\/snfolc.re\/site\/index.php\/wp-json\/wp\/v2\/pages"}],"about":[{"href":"https:\/\/snfolc.re\/site\/index.php\/wp-json\/wp\/v2\/types\/page"}],"author":[{"embeddable":true,"href":"https:\/\/snfolc.re\/site\/index.php\/wp-json\/wp\/v2\/users\/1"}],"replies":[{"embeddable":true,"href":"https:\/\/snfolc.re\/site\/index.php\/wp-json\/wp\/v2\/comments?post=3"}],"version-history":[{"count":4,"href":"https:\/\/snfolc.re\/site\/index.php\/wp-json\/wp\/v2\/pages\/3\/revisions"}],"predecessor-version":[{"id":578,"href":"https:\/\/snfolc.re\/site\/index.php\/wp-json\/wp\/v2\/pages\/3\/revisions\/578"}],"wp:attachment":[{"href":"https:\/\/snfolc.re\/site\/index.php\/wp-json\/wp\/v2\/media?parent=3"}],"curies":[{"name":"wp","href":"https:\/\/api.w.org\/{rel}","templated":true}]}}