{"id":10,"date":"2018-11-13T18:53:07","date_gmt":"2018-11-13T17:53:07","guid":{"rendered":"http:\/\/snfolc.re\/site\/?page_id=10"},"modified":"2025-11-26T08:08:51","modified_gmt":"2025-11-26T04:08:51","slug":"contact","status":"publish","type":"page","link":"https:\/\/snfolc.re\/site\/index.php\/contact\/","title":{"rendered":"Contact &#8211; Adh\u00e9sion"},"content":{"rendered":"\n<h3 class=\"wp-block-heading\">Pour adh\u00e9rer :<\/h3>\n\n\n\n<p>Pour adh\u00e9rer au SNFOLC, vous pouvez t\u00e9l\u00e9charger la fiche d&rsquo;adh\u00e9sion ci-dessous et nous la renvoyer par courrier postal :<\/p>\n\n\n\n<div data-wp-interactive=\"core\/file\" class=\"wp-block-file\"><object data-wp-bind--hidden=\"!state.hasPdfPreview\"  class=\"wp-block-file__embed\" data=\"https:\/\/snfolc.re\/site\/wp-content\/uploads\/2025\/11\/SNFOLCadhesion2025.pdf\" type=\"application\/pdf\" style=\"width:100%;height:600px\" aria-label=\"Contenu embarqu\u00e9 SNFOLCadhesion2025.\"><\/object><a id=\"wp-block-file--media-ab999034-035a-4053-b69c-ec6536e990cd\" href=\"https:\/\/snfolc.re\/site\/wp-content\/uploads\/2025\/11\/SNFOLCadhesion2025.pdf\">SNFOLCadhesion2025<\/a><a href=\"https:\/\/snfolc.re\/site\/wp-content\/uploads\/2025\/11\/SNFOLCadhesion2025.pdf\" class=\"wp-block-file__button wp-element-button\" download aria-describedby=\"wp-block-file--media-ab999034-035a-4053-b69c-ec6536e990cd\">T\u00e9l\u00e9charger<\/a><\/div>\n\n\n\n<p>Dans le cas d&rsquo;un r\u00e8glement par virement bancaire, vous pouvez nous renvoyer la fiche d&rsquo;adh\u00e9sion compl\u00e9t\u00e9e par courriel.<\/p>\n\n\n\n<p>Si vous pr\u00e9f\u00e9rez \u00eatre contact\u00e9 par t\u00e9l\u00e9phone, merci de nous envoyer un courrier \u00e0&nbsp;<a href=\"mailto:info@snfolc.re\">info@snfolc.re<\/a><\/p>\n\n\n\n<h3 class=\"wp-block-heading\">Pour nous contacter :<\/h3>\n\n\n\n<p>Syndicat National Force Ouvri\u00e8re des Lyc\u00e9es et Coll\u00e8ges, section de La R\u00e9union<\/p>\n\n\n\n<p><strong>T\u00e9l\u00e9phone<\/strong> : 06 92 87 20 45 ou 06 92 38 41 10<\/p>\n\n\n\n<p><strong>E-mail<\/strong> : <a href=\"mailto:info@snfolc.re\">info@snfolc.re<\/a><\/p>\n\n\n\n<p><strong>Adresse postale :<\/strong> <\/p>\n\n\n\n<p>CS 20232 &#8211; 97464 Saint Denis Cedex<\/p>\n","protected":false},"excerpt":{"rendered":"<p>Pour adh\u00e9rer : Pour adh\u00e9rer au SNFOLC, vous pouvez t\u00e9l\u00e9charger la fiche d&rsquo;adh\u00e9sion ci-dessous et nous la renvoyer par courrier<\/p>\n","protected":false},"author":1,"featured_media":415,"parent":0,"menu_order":0,"comment_status":"closed","ping_status":"closed","template":"","meta":{"footnotes":""},"_links":{"self":[{"href":"https:\/\/snfolc.re\/site\/index.php\/wp-json\/wp\/v2\/pages\/10"}],"collection":[{"href":"https:\/\/snfolc.re\/site\/index.php\/wp-json\/wp\/v2\/pages"}],"about":[{"href":"https:\/\/snfolc.re\/site\/index.php\/wp-json\/wp\/v2\/types\/page"}],"author":[{"embeddable":true,"href":"https:\/\/snfolc.re\/site\/index.php\/wp-json\/wp\/v2\/users\/1"}],"replies":[{"embeddable":true,"href":"https:\/\/snfolc.re\/site\/index.php\/wp-json\/wp\/v2\/comments?post=10"}],"version-history":[{"count":9,"href":"https:\/\/snfolc.re\/site\/index.php\/wp-json\/wp\/v2\/pages\/10\/revisions"}],"predecessor-version":[{"id":1103,"href":"https:\/\/snfolc.re\/site\/index.php\/wp-json\/wp\/v2\/pages\/10\/revisions\/1103"}],"wp:featuredmedia":[{"embeddable":true,"href":"https:\/\/snfolc.re\/site\/index.php\/wp-json\/wp\/v2\/media\/415"}],"wp:attachment":[{"href":"https:\/\/snfolc.re\/site\/index.php\/wp-json\/wp\/v2\/media?parent=10"}],"curies":[{"name":"wp","href":"https:\/\/api.w.org\/{rel}","templated":true}]}}